{"id":9883,"date":"2024-12-03T10:55:48","date_gmt":"2024-12-03T10:55:48","guid":{"rendered":"https:\/\/pixelfy.ro\/gpl\/?page_id=9883"},"modified":"2024-12-03T10:57:11","modified_gmt":"2024-12-03T10:57:11","slug":"rezervoare-toroidale","status":"publish","type":"page","link":"https:\/\/pixelfy.ro\/gpl\/rezervoare-toroidale\/","title":{"rendered":"Rezervoare Toroidale"},"content":{"rendered":"\t\t<div data-elementor-type=\"wp-page\" data-elementor-id=\"9883\" class=\"elementor elementor-9883\">\n\t\t\t\t\t\t<section class=\"elementor-section elementor-top-section elementor-element elementor-element-4aecdd4 dsvy-col-stretched-none dsvy-bg-color-over-image elementor-section-boxed elementor-section-height-default elementor-section-height-default\" data-id=\"4aecdd4\" data-element_type=\"section\">\n\t\t\t\t\t\t<div class=\"elementor-container elementor-column-gap-default\">\n\t\t\t\t\t<div class=\"elementor-column elementor-col-100 elementor-top-column elementor-element elementor-element-b4c913c dsvy-bg-color-over-image\" data-id=\"b4c913c\" data-element_type=\"column\">\n\t\t\t<div class=\"elementor-widget-wrap elementor-element-populated\">\n\t\t\t\t\t\t<section class=\"elementor-section elementor-inner-section elementor-element elementor-element-72552a0 dsvy-col-stretched-none dsvy-bg-color-over-image elementor-section-boxed elementor-section-height-default elementor-section-height-default\" data-id=\"72552a0\" data-element_type=\"section\">\n\t\t\t\t\t\t<div class=\"elementor-container elementor-column-gap-default\">\n\t\t\t\t\t<div class=\"elementor-column elementor-col-100 elementor-inner-column elementor-element elementor-element-75044c2 dsvy-bg-color-over-image\" data-id=\"75044c2\" data-element_type=\"column\">\n\t\t\t<div class=\"elementor-widget-wrap elementor-element-populated\">\n\t\t\t\t\t\t<div class=\"elementor-element elementor-element-12ae036 elementor-widget elementor-widget-text-editor\" data-id=\"12ae036\" data-element_type=\"widget\" data-widget_type=\"text-editor.default\">\n\t\t\t\t<div class=\"elementor-widget-container\">\n\t\t\t\t\t\t\t<div class=\"vc_row wpb_row vc_row-fluid\"><div class=\"wpb_column vc_column_container vc_col-sm-8\"><div class=\"vc_column-inner\"><div class=\"wpb_wrapper\"><div class=\"wpb_text_column wpb_content_element \"><div class=\"wpb_wrapper\"><div class=\"sec-title skew-lines\"><h5><span style=\"color: #000000;\">Rezervoarele GPL Toroidale<\/span><\/h5><\/div><\/div><\/div><\/div><\/div><\/div><\/div><div class=\"vc_row wpb_row vc_row-fluid\"><div class=\"wpb_column vc_column_container vc_col-sm-12\"><div class=\"vc_column-inner\"><div class=\"wpb_wrapper\"><div class=\"wpb_text_column wpb_content_element \"><div class=\"wpb_wrapper\"><p><span style=\"color: #000000;\">Rezervoarele de GPL sunt extrem de sigure \u015fi au trei m\u0103suri de protec\u0163ie \u00eempotriva scurgerilor.<\/span><\/p><div><span style=\"color: #000000;\">GPL-ul\u00a0are un record excelent de siguran\u0163\u0103 \u015fi este recunoscut\u0103 ca fiind mai sigur dec\u00e2t benzina. Acest lucru este datorit\u0103 construc\u0163iei rezervorului de GPL, \u00a0fiind mai robust, \u00a0sistemul avand 3 sisteme de aerisire siguran\u021b\u0103 care se poate deschide \u015fi\u00a0inchide la o frac\u0163iune de secund\u0103, dar nu vor fi deschise\u00a0decat \u00een cazul in\u00a0care motorul este pornit.<\/span><\/div><p><span style=\"color: #000000;\">Numeroasele teste au demonstrat ca la temperaturi ridicate si chiar la flacara deschisa, rezervorul de GPL nu va avea scurgeri. In cazul putin probabil in care furtunele de alimentare cu GPL prezinta scurgeri, instalatia va detecta diferenta de presiune, astfel incat va inchide automat fluxul de gaz direct de la rezervor.<\/span><\/p><p><span style=\"color: #000000;\">Un avantaj major dobandit prin montarea unei GPL il reprezinta cresterea autonomiei autovehiculului-\u00a0datorita faptului ca se pot folosi doua rezervoare de combustibil.<\/span><\/p><p><span style=\"color: #000000;\">Dezavantajul aparent cauzat de\u00a0pierderea spa\u0163iului din portbagaj se rezolva prin\u00a0montarea unui rezervor toroidal, pentru a permite plierea banchetei din spate \u00een cazul \u00een care este nevoie de spa\u0163iul suplimentar oferit de aceast\u0103 manevr\u0103.<\/span><\/p><p><span style=\"color: #000000;\">Rezervoarele cel mai des utilizate in montajul instalatiilor auto GPL sunt :<\/span><\/p><\/div><\/div><\/div><\/div><\/div><\/div>\t\t\t\t\t\t<\/div>\n\t\t\t\t<\/div>\n\t\t\t\t\t<\/div>\n\t\t<\/div>\n\t\t\t\t\t<\/div>\n\t\t<\/section>\n\t\t\t\t<section class=\"elementor-section elementor-inner-section elementor-element elementor-element-b186f12 dsvy-col-stretched-none dsvy-bg-color-over-image elementor-section-boxed elementor-section-height-default elementor-section-height-default\" data-id=\"b186f12\" data-element_type=\"section\">\n\t\t\t\t\t\t<div class=\"elementor-container elementor-column-gap-default\">\n\t\t\t\t\t<div class=\"elementor-column elementor-col-33 elementor-inner-column elementor-element elementor-element-63904f8 dsvy-bg-color-over-image\" data-id=\"63904f8\" data-element_type=\"column\">\n\t\t\t<div class=\"elementor-widget-wrap elementor-element-populated\">\n\t\t\t\t\t\t<div class=\"elementor-element elementor-element-d7f7e27 elementor-widget elementor-widget-image\" data-id=\"d7f7e27\" data-element_type=\"widget\" data-widget_type=\"image.default\">\n\t\t\t\t<div class=\"elementor-widget-container\">\n\t\t\t\t\t\t\t\t\t\t\t\t\t<img fetchpriority=\"high\" decoding=\"async\" width=\"300\" height=\"200\" src=\"https:\/\/pixelfy.ro\/gpl\/wp-content\/uploads\/2024\/12\/EDY_9201-300x200-1.jpg\" class=\"attachment-large size-large wp-image-9885\" alt=\"\" \/>\t\t\t\t\t\t\t\t\t\t\t\t\t<\/div>\n\t\t\t\t<\/div>\n\t\t\t\t\t<\/div>\n\t\t<\/div>\n\t\t\t\t<div class=\"elementor-column elementor-col-33 elementor-inner-column elementor-element elementor-element-4f0275b dsvy-bg-color-over-image\" data-id=\"4f0275b\" data-element_type=\"column\">\n\t\t\t<div class=\"elementor-widget-wrap elementor-element-populated\">\n\t\t\t\t\t\t<div class=\"elementor-element elementor-element-15a1f31 elementor-widget elementor-widget-image\" data-id=\"15a1f31\" data-element_type=\"widget\" data-widget_type=\"image.default\">\n\t\t\t\t<div class=\"elementor-widget-container\">\n\t\t\t\t\t\t\t\t\t\t\t\t\t<img fetchpriority=\"high\" decoding=\"async\" width=\"300\" height=\"200\" src=\"https:\/\/pixelfy.ro\/gpl\/wp-content\/uploads\/2024\/12\/EDY_9201-300x200-1.jpg\" class=\"attachment-large size-large wp-image-9885\" alt=\"\" \/>\t\t\t\t\t\t\t\t\t\t\t\t\t<\/div>\n\t\t\t\t<\/div>\n\t\t\t\t\t<\/div>\n\t\t<\/div>\n\t\t\t\t<div class=\"elementor-column elementor-col-33 elementor-inner-column elementor-element elementor-element-d688745 dsvy-bg-color-over-image\" data-id=\"d688745\" data-element_type=\"column\">\n\t\t\t<div class=\"elementor-widget-wrap elementor-element-populated\">\n\t\t\t\t\t\t<div class=\"elementor-element elementor-element-6c3d635 elementor-widget elementor-widget-image\" data-id=\"6c3d635\" data-element_type=\"widget\" data-widget_type=\"image.default\">\n\t\t\t\t<div class=\"elementor-widget-container\">\n\t\t\t\t\t\t\t\t\t\t\t\t\t<img fetchpriority=\"high\" decoding=\"async\" width=\"300\" height=\"200\" src=\"https:\/\/pixelfy.ro\/gpl\/wp-content\/uploads\/2024\/12\/EDY_9201-300x200-1.jpg\" class=\"attachment-large size-large wp-image-9885\" alt=\"\" \/>\t\t\t\t\t\t\t\t\t\t\t\t\t<\/div>\n\t\t\t\t<\/div>\n\t\t\t\t\t<\/div>\n\t\t<\/div>\n\t\t\t\t\t<\/div>\n\t\t<\/section>\n\t\t\t\t\t<\/div>\n\t\t<\/div>\n\t\t\t\t\t<\/div>\n\t\t<\/section>\n\t\t\t\t<\/div>\n\t\t","protected":false},"excerpt":{"rendered":"<p>Rezervoarele GPL Toroidale Rezervoarele de GPL sunt extrem de sigure \u015fi au trei m\u0103suri de protec\u0163ie \u00eempotriva scurgerilor. GPL-ul\u00a0are un record excelent de siguran\u0163\u0103 \u015fi este recunoscut\u0103 ca fiind mai sigur dec\u00e2t benzina. Acest lucru este datorit\u0103 construc\u0163iei rezervorului de GPL, \u00a0fiind mai robust, \u00a0sistemul avand 3 sisteme de aerisire siguran\u021b\u0103 care se poate deschide \u015fi\u00a0inchide la o frac\u0163iune de secund\u0103, dar nu vor fi deschise\u00a0decat \u00een cazul in\u00a0care motorul[&hellip;]<\/p>\n","protected":false},"author":1,"featured_media":0,"parent":0,"menu_order":0,"comment_status":"closed","ping_status":"closed","template":"","meta":{"_acf_changed":false,"ngg_post_thumbnail":0,"footnotes":""},"class_list":["post-9883","page","type-page","status-publish","hentry"],"acf":[],"_links":{"self":[{"href":"https:\/\/pixelfy.ro\/gpl\/wp-json\/wp\/v2\/pages\/9883","targetHints":{"allow":["GET"]}}],"collection":[{"href":"https:\/\/pixelfy.ro\/gpl\/wp-json\/wp\/v2\/pages"}],"about":[{"href":"https:\/\/pixelfy.ro\/gpl\/wp-json\/wp\/v2\/types\/page"}],"author":[{"embeddable":true,"href":"https:\/\/pixelfy.ro\/gpl\/wp-json\/wp\/v2\/users\/1"}],"replies":[{"embeddable":true,"href":"https:\/\/pixelfy.ro\/gpl\/wp-json\/wp\/v2\/comments?post=9883"}],"version-history":[{"count":4,"href":"https:\/\/pixelfy.ro\/gpl\/wp-json\/wp\/v2\/pages\/9883\/revisions"}],"predecessor-version":[{"id":9888,"href":"https:\/\/pixelfy.ro\/gpl\/wp-json\/wp\/v2\/pages\/9883\/revisions\/9888"}],"wp:attachment":[{"href":"https:\/\/pixelfy.ro\/gpl\/wp-json\/wp\/v2\/media?parent=9883"}],"curies":[{"name":"wp","href":"https:\/\/api.w.org\/{rel}","templated":true}]}}