{"id":9875,"date":"2024-12-03T10:53:04","date_gmt":"2024-12-03T10:53:04","guid":{"rendered":"https:\/\/pixelfy.ro\/gpl\/?page_id=9875"},"modified":"2024-12-03T10:55:18","modified_gmt":"2024-12-03T10:55:18","slug":"rezervoare-cilindrice","status":"publish","type":"page","link":"https:\/\/pixelfy.ro\/gpl\/rezervoare-cilindrice\/","title":{"rendered":"Instalatii auto GPL cu rezervor cilindric"},"content":{"rendered":"\t\t<div data-elementor-type=\"wp-page\" data-elementor-id=\"9875\" class=\"elementor elementor-9875\">\n\t\t\t\t\t\t<section class=\"elementor-section elementor-top-section elementor-element elementor-element-ae79ab8 dsvy-col-stretched-none dsvy-bg-color-over-image elementor-section-boxed elementor-section-height-default elementor-section-height-default\" data-id=\"ae79ab8\" data-element_type=\"section\">\n\t\t\t\t\t\t<div class=\"elementor-container elementor-column-gap-default\">\n\t\t\t\t\t<div class=\"elementor-column elementor-col-100 elementor-top-column elementor-element elementor-element-c814b08 dsvy-bg-color-over-image\" data-id=\"c814b08\" data-element_type=\"column\">\n\t\t\t<div class=\"elementor-widget-wrap elementor-element-populated\">\n\t\t\t\t\t\t<section class=\"elementor-section elementor-inner-section elementor-element elementor-element-c00e933 dsvy-col-stretched-none dsvy-bg-color-over-image elementor-section-boxed elementor-section-height-default elementor-section-height-default\" data-id=\"c00e933\" data-element_type=\"section\">\n\t\t\t\t\t\t<div class=\"elementor-container elementor-column-gap-default\">\n\t\t\t\t\t<div class=\"elementor-column elementor-col-100 elementor-inner-column elementor-element elementor-element-fe6744e dsvy-bg-color-over-image\" data-id=\"fe6744e\" data-element_type=\"column\">\n\t\t\t<div class=\"elementor-widget-wrap elementor-element-populated\">\n\t\t\t\t\t\t<div class=\"elementor-element elementor-element-311ffc3 elementor-widget elementor-widget-text-editor\" data-id=\"311ffc3\" data-element_type=\"widget\" data-widget_type=\"text-editor.default\">\n\t\t\t\t<div class=\"elementor-widget-container\">\n\t\t\t\t\t\t\t<div class=\"vc_row wpb_row vc_row-fluid\"><div class=\"wpb_column vc_column_container vc_col-sm-4\"><div class=\"vc_column-inner\"><div class=\"wpb_wrapper\"><div class=\"wpb_text_column wpb_content_element  vc_custom_1545390040385\"><div class=\"wpb_wrapper\"><div class=\"sec-title skew-lines\"><h5><span style=\"color: #000000;\">Rezervoare GPL Cilindrice<\/span><\/h5><\/div><\/div><\/div><\/div><\/div><\/div><\/div><div class=\"vc_row wpb_row vc_row-fluid\"><div class=\"wpb_column vc_column_container vc_col-sm-12\"><div class=\"vc_column-inner\"><div class=\"wpb_wrapper\"><div class=\"wpb_text_column wpb_content_element \"><div class=\"wpb_wrapper\"><p><span style=\"color: #000000;\">Rezervoarele de GPL sunt extrem de sigure \u015fi au trei m\u0103suri de protec\u0163ie \u00eempotriva scurgerilor.<\/span><\/p><p><span style=\"color: #000000;\">GPL-ul are un record excelent de siguran\u0163\u0103 \u015fi este recunoscut\u0103 ca fiind mai sigur dec\u00e2t benzina. Acest lucru este datorit\u0103 construc\u0163iei rezervorului de GPL, fiind mai robust, sistemul avand 3 sisteme de aerisire siguran\u021b\u0103 care se poate deschide \u015fi inchide la o frac\u0163iune de secund\u0103, dar nu vor fi deschise decat \u00een cazul in care motorul este pornit.<\/span><br \/><span style=\"color: #000000;\">Numeroasele teste au demonstrat ca la temperaturi ridicate si chiar la flacara deschisa, rezervorul de GPL nu va avea scurgeri. In cazul putin probabil in care furtunele de alimentare cu GPL prezinta scurgeri, instalatia va detecta diferenta de presiune, astfel incat va inchide automat fluxul de gaz direct de la rezervor.<\/span><\/p><p><span style=\"color: #000000;\">Un avantaj major dobandit prin montarea unei GPL il reprezinta cresterea autonomiei autovehiculului- datorita faptului ca se pot folosi doua rezervoare de combustibil.<\/span><\/p><p><span style=\"color: #000000;\">Rezervoarele GPL cilindrice se monteaza\u00a0 in portbagajul unui autoturism in functie de posibilitatile de montaj regulamentare oferite de autoturism\u00a0si de optiunea clientului, avand capacitati cuprinse intre\u00a0 28 litri \u2013 130 litri.<\/span><\/p><p><span style=\"color: #000000;\">Rezervoarele cel mai des utilizate in montajul instalatiilor auto GPL sunt :<\/span><\/p><\/div><\/div><\/div><\/div><\/div><\/div>\t\t\t\t\t\t<\/div>\n\t\t\t\t<\/div>\n\t\t\t\t\t<\/div>\n\t\t<\/div>\n\t\t\t\t\t<\/div>\n\t\t<\/section>\n\t\t\t\t<section class=\"elementor-section elementor-inner-section elementor-element elementor-element-858e5bc dsvy-col-stretched-none dsvy-bg-color-over-image elementor-section-boxed elementor-section-height-default elementor-section-height-default\" data-id=\"858e5bc\" data-element_type=\"section\">\n\t\t\t\t\t\t<div class=\"elementor-container elementor-column-gap-default\">\n\t\t\t\t\t<div class=\"elementor-column elementor-col-33 elementor-inner-column elementor-element elementor-element-053f960 dsvy-bg-color-over-image\" data-id=\"053f960\" data-element_type=\"column\">\n\t\t\t<div class=\"elementor-widget-wrap elementor-element-populated\">\n\t\t\t\t\t\t<div class=\"elementor-element elementor-element-f2307cc elementor-widget elementor-widget-image\" data-id=\"f2307cc\" data-element_type=\"widget\" data-widget_type=\"image.default\">\n\t\t\t\t<div class=\"elementor-widget-container\">\n\t\t\t\t\t\t\t\t\t\t\t\t\t<img fetchpriority=\"high\" decoding=\"async\" width=\"300\" height=\"200\" src=\"https:\/\/pixelfy.ro\/gpl\/wp-content\/uploads\/2024\/12\/REZERVOR-GPL-CILINDRIC-40L-300x200-1.jpg\" class=\"attachment-large size-large wp-image-9877\" alt=\"\" \/>\t\t\t\t\t\t\t\t\t\t\t\t\t<\/div>\n\t\t\t\t<\/div>\n\t\t\t\t\t<\/div>\n\t\t<\/div>\n\t\t\t\t<div class=\"elementor-column elementor-col-33 elementor-inner-column elementor-element elementor-element-4a25b3d dsvy-bg-color-over-image\" data-id=\"4a25b3d\" data-element_type=\"column\">\n\t\t\t<div class=\"elementor-widget-wrap elementor-element-populated\">\n\t\t\t\t\t\t<div class=\"elementor-element elementor-element-74320d8 elementor-widget elementor-widget-image\" data-id=\"74320d8\" data-element_type=\"widget\" data-widget_type=\"image.default\">\n\t\t\t\t<div class=\"elementor-widget-container\">\n\t\t\t\t\t\t\t\t\t\t\t\t\t<img decoding=\"async\" width=\"300\" height=\"200\" src=\"https:\/\/pixelfy.ro\/gpl\/wp-content\/uploads\/2024\/12\/REZERVOR-GPL-CILINDRIC-60L-300x200-1.jpg\" class=\"attachment-large size-large wp-image-9878\" alt=\"\" \/>\t\t\t\t\t\t\t\t\t\t\t\t\t<\/div>\n\t\t\t\t<\/div>\n\t\t\t\t\t<\/div>\n\t\t<\/div>\n\t\t\t\t<div class=\"elementor-column elementor-col-33 elementor-inner-column elementor-element elementor-element-6cad720 dsvy-bg-color-over-image\" data-id=\"6cad720\" data-element_type=\"column\">\n\t\t\t<div class=\"elementor-widget-wrap elementor-element-populated\">\n\t\t\t\t\t\t<div class=\"elementor-element elementor-element-c7b9242 elementor-widget elementor-widget-image\" data-id=\"c7b9242\" data-element_type=\"widget\" data-widget_type=\"image.default\">\n\t\t\t\t<div class=\"elementor-widget-container\">\n\t\t\t\t\t\t\t\t\t\t\t\t\t<img decoding=\"async\" width=\"300\" height=\"200\" src=\"https:\/\/pixelfy.ro\/gpl\/wp-content\/uploads\/2024\/12\/EDY_9208-300x200-1.jpg\" class=\"attachment-large size-large wp-image-9879\" alt=\"\" \/>\t\t\t\t\t\t\t\t\t\t\t\t\t<\/div>\n\t\t\t\t<\/div>\n\t\t\t\t\t<\/div>\n\t\t<\/div>\n\t\t\t\t\t<\/div>\n\t\t<\/section>\n\t\t\t\t\t<\/div>\n\t\t<\/div>\n\t\t\t\t\t<\/div>\n\t\t<\/section>\n\t\t\t\t<\/div>\n\t\t","protected":false},"excerpt":{"rendered":"<p>Rezervoare GPL Cilindrice Rezervoarele de GPL sunt extrem de sigure \u015fi au trei m\u0103suri de protec\u0163ie \u00eempotriva scurgerilor. GPL-ul are un record excelent de siguran\u0163\u0103 \u015fi este recunoscut\u0103 ca fiind mai sigur dec\u00e2t benzina. Acest lucru este datorit\u0103 construc\u0163iei rezervorului de GPL, fiind mai robust, sistemul avand 3 sisteme de aerisire siguran\u021b\u0103 care se poate deschide \u015fi inchide la o frac\u0163iune de secund\u0103, dar nu vor fi deschise decat \u00een[&hellip;]<\/p>\n","protected":false},"author":1,"featured_media":0,"parent":0,"menu_order":0,"comment_status":"closed","ping_status":"closed","template":"","meta":{"_acf_changed":false,"ngg_post_thumbnail":0,"footnotes":""},"class_list":["post-9875","page","type-page","status-publish","hentry"],"acf":[],"_links":{"self":[{"href":"https:\/\/pixelfy.ro\/gpl\/wp-json\/wp\/v2\/pages\/9875","targetHints":{"allow":["GET"]}}],"collection":[{"href":"https:\/\/pixelfy.ro\/gpl\/wp-json\/wp\/v2\/pages"}],"about":[{"href":"https:\/\/pixelfy.ro\/gpl\/wp-json\/wp\/v2\/types\/page"}],"author":[{"embeddable":true,"href":"https:\/\/pixelfy.ro\/gpl\/wp-json\/wp\/v2\/users\/1"}],"replies":[{"embeddable":true,"href":"https:\/\/pixelfy.ro\/gpl\/wp-json\/wp\/v2\/comments?post=9875"}],"version-history":[{"count":4,"href":"https:\/\/pixelfy.ro\/gpl\/wp-json\/wp\/v2\/pages\/9875\/revisions"}],"predecessor-version":[{"id":9882,"href":"https:\/\/pixelfy.ro\/gpl\/wp-json\/wp\/v2\/pages\/9875\/revisions\/9882"}],"wp:attachment":[{"href":"https:\/\/pixelfy.ro\/gpl\/wp-json\/wp\/v2\/media?parent=9875"}],"curies":[{"name":"wp","href":"https:\/\/api.w.org\/{rel}","templated":true}]}}