{"id":9068,"date":"2024-11-19T12:51:14","date_gmt":"2024-11-19T12:51:14","guid":{"rendered":"https:\/\/pixelfy.ro\/gpl\/?page_id=9068"},"modified":"2024-11-19T12:51:56","modified_gmt":"2024-11-19T12:51:56","slug":"politica-de-confidentialitate","status":"publish","type":"page","link":"https:\/\/pixelfy.ro\/gpl\/politica-de-confidentialitate\/","title":{"rendered":"Politica de confidentialitate"},"content":{"rendered":"\t\t<div data-elementor-type=\"wp-page\" data-elementor-id=\"9068\" class=\"elementor elementor-9068\">\n\t\t\t\t\t\t<section class=\"elementor-section elementor-top-section elementor-element elementor-element-1978ef1 dsvy-col-stretched-none dsvy-bg-color-over-image elementor-section-boxed elementor-section-height-default elementor-section-height-default\" data-id=\"1978ef1\" data-element_type=\"section\">\n\t\t\t\t\t\t<div class=\"elementor-container elementor-column-gap-default\">\n\t\t\t\t\t<div class=\"elementor-column elementor-col-100 elementor-top-column elementor-element elementor-element-4e79e0d dsvy-bg-color-over-image\" data-id=\"4e79e0d\" data-element_type=\"column\">\n\t\t\t<div class=\"elementor-widget-wrap elementor-element-populated\">\n\t\t\t\t\t\t<div class=\"elementor-element elementor-element-1f6d2ac elementor-widget elementor-widget-text-editor\" data-id=\"1f6d2ac\" data-element_type=\"widget\" data-widget_type=\"text-editor.default\">\n\t\t\t\t<div class=\"elementor-widget-container\">\n\t\t\t\t\t\t\t<h4><span style=\"color: #000000;\">1. Ce informa\u0163ii colect\u0103m despre tine<\/span><\/h4><p><span style=\"color: #000000;\">Supergaz Autoservice prin intermediul www.supergaz.ro colecteaz\u0103 urm\u0103toarele informa\u0163ii despre clien\u0163i sau poten\u0163iali client:<img decoding=\"async\" class=\"note-float-right\" src=\"https:\/\/supergaz.seoteam.ro\/image\/catalog\/Media\/video.png\" \/><\/span><\/p><ol><li><span style=\"color: #000000;\">\u201eInforma\u0163ii cu caracter personal\u201d \u2013 acele informa\u0163ii care te pot identifica \u015fi pot include, de exemplu, numele \u015fi prenumele tale, adresa, num\u0103rul de telefon sau adresa de email.<\/span><\/li><li><span style=\"color: #000000;\">\u00cen cazul \u00een care ajungi \u00een service-ul Supergaz pentru efectuarea ITP-ul, suntem obliga\u0163i de c\u0103tre RAR ca dup\u0103 data de 20.05.2018 s\u0103 prelucr\u0103m datele personale prin sisteme de supraveghere video semnalizat corespunz\u0103tor.<\/span><\/li><\/ol><h4><span style=\"color: #000000;\">Efectuarea unei achizi\u0163ii de produs pe www.supergaz.ro<\/span><\/h4><p><span style=\"color: #000000;\">Dac\u0103 faci o achizi\u0163ie de instala\u0163ie GPL pe www.supergaz.ro, vom colecta informa\u0163iile de care avem nevoie pentru a finaliza comanda ta \u015fi te vom notifica despre starea comenzii tale (dac\u0103 este cazul) sau te vom contacta direct pentru programare la montaj.<\/span><br \/><span style=\"color: #000000;\">De asemenea, avem nevoie de num\u0103rul de telefon mobil sau o adresa de e-mail pentru a te notifica despre programare la montaj sau orice modificare, reprogramare, anulare sau am\u00e2nare a datei de montaj pentru care ai achizi\u0163ionat instala\u0163ia GPL.<\/span><\/p><h4><span style=\"color: #000000;\">2. Utilizare date contact<\/span><\/h4><p><span style=\"color: #000000;\">Toate datele de contact ne sunt necesare pentru a-\u0163i putea trimite instala\u0163ia GPL \u00een alt\u0103 localitate la partenerii Supergaz, dar \u015fi pentru a oferi posibilitatea de a te identifica \u00een mod corect. Situa\u0163iile \u00een care este necesar s\u0103 te identific\u0103m \u015fi s\u0103 valid\u0103m identitatea ar putea ap\u0103rea \u00een cazul unei cereri de restituire a contravalorii instala\u0163iei GPL achizi\u0163ionate, \u00een caz de anulare sau pentru c\u0103, din motive personale vei solicita returnarea banilor, conform cu Termenii \u015fi Condi\u0163iile www.supergaz.ro<\/span><br \/><span style=\"color: #000000;\">\u00cen cazul \u00een care decizi s\u0103 pl\u0103te\u015fti cu cardul on-line sau prin carduri de cump\u0103r\u0103turi \u00een Rate, d\u00e2nd click pe butonul Plaseaz\u0103 comanda \u00een\u0163elegi \u015fi e\u015fti de acord c\u0103:<\/span><\/p><ul><li><span style=\"color: #000000;\">vei p\u0103r\u0103si interfa\u0163a www.supergaz.ro \u015fi vei fi redirec\u0163ionat \u00een interfa\u0163a procesatorului de pl\u0103\u0163i cu cardul MobilPay;<\/span><\/li><li><span style=\"color: #000000;\">Orice date vei introduce \u00een site-ul\/interfa\u0163a MobilPay vor fi supuse Politicii de Confiden\u0163ialitate a MobilPay;<\/span><\/li><li><span style=\"color: #000000;\">Datele introduse \u00een site-ul\/interfa\u0163a MobilPay vor fi salvate de c\u0103tre MobilPay \u00een cadrul Comunit\u0103\u0163ii Europene;<\/span><\/li><li><span style=\"color: #000000;\">MobilPay va fi responsabil pentru procesarea datelor furnizate de c\u0103tre tine \u00een site-ul\/interfa\u0163a MobilPay.<\/span><\/li><\/ul><h4><span style=\"color: #000000;\">Coresponden\u0163\u0103<\/span><\/h4><p><span style=\"color: #000000;\">Dac\u0103 ne contactezi pentru orice motiv (de exemplu, pentru a raporta o eroare pe site-ul Web), putem p\u0103stra o eviden\u0163\u0103 a acestei coresponden\u0163e, coresponden\u0163\u0103 ce ar putea include date personale.<\/span><br \/><span style=\"color: #000000;\">Utilizarea produselor noastre \/ Mesaje de marketing de la www.supergaz.ro<\/span><br \/><span style=\"color: #000000;\">www.supergaz.ro poate colecta informa\u0163ii despre utilizarea de c\u0103tre tine a serviciilor noastre. De asemenea, putem s\u0103 colect\u0103m informa\u0163ii despre mesajele de marketing pe care \u0163i le trimitem \u015fi despre modul \u00een care r\u0103spunde\u0163i la ele.<\/span><br \/><br \/><span style=\"color: #000000;\">Cum colect\u0103m informa\u0163iile despre tine<\/span><br \/><span style=\"color: #000000;\">Colect\u0103m informa\u0163ii despre tine \u00een dou\u0103 moduri:<\/span><\/p><ol><li><span style=\"color: #000000;\">\u00cen mod direct \u2013 atunci c\u00e2nd v\u0103 \u00eenregistra\u0163i pe site-ul www.supergaz.ro; atunci c\u00e2nd ne contacta\u0163i prin intermediul Formularului de Contact Online \u015fi solicita\u0163i un r\u0103spuns sau atunci c\u00e2nd interac\u0163iona\u0163i \u00een mod direct cu noi. De aceea, este foarte important s\u0103 re\u0163ii c\u0103, \u00een cazul \u00een care alte persoane folosesc computerul\/device-ul t\u0103u mobil, trebuie s\u0103 te deloghezi la finalizarea sesiunii de navigare. \u00cen caz contrar, orice persoan\u0103 cu acces la device-urile tale va avea automat acces \u015fi la toate informa\u0163iile pe care ni le-ai furnizat.<\/span><\/li><li><span style=\"color: #000000;\">\u00cen mod automat \u2013 atunci c\u00e2nd utilizezi serviciile www.supergaz.ro online, colectam informa\u0163ii prin intermediul cookie-urilor \u015fi prin logarea activit\u0103\u0163ii tale. Pentru mai multe informa\u0163ii privind utilizarea cookie-urilor, te rug\u0103m s\u0103 consul\u0163i informa\u0163iile de pe site.<\/span><\/li><\/ol><h4><span style=\"color: #000000;\">3. Cum utiliz\u0103m informa\u0163iile despre tine<\/span><\/h4><p><span style=\"color: #000000;\">Noi (\u015fi furnizorii no\u015ftri de servicii) putem folosi informa\u0163iile pe care le colect\u0103m despre tine pentru o varietate de scopuri. De exemplu, putem folosi aceste informa\u0163ii:<\/span><\/p><ul><li><span style=\"color: #000000;\">pentru a-\u0163i furniza produsele \u015fi serviciile pe care le-ai solicitat;<\/span><\/li><li><span style=\"color: #000000;\">pentru personalizarea serviciilor pe care \u0163i le oferim;<\/span><\/li><li><span style=\"color: #000000;\">pentru a r\u0103spunde solicit\u0103rilor \u015fi comentariilor tale;<\/span><\/li><li><span style=\"color: #000000;\">pentru a te informa cu privire la program\u0103ri, anul\u0103ri sau modific\u0103ri ale program\u0103rii la montaj;<\/span><\/li><li><span style=\"color: #000000;\">pentru a-\u0163i putea oferi suport tehnic legat de serviciile\/produsele noastre;<\/span><\/li><li><span style=\"color: #000000;\">pentru a-\u0163i putea comunica anun\u0163uri \u015fi mesaje administrative;<\/span><\/li><li><span style=\"color: #000000;\">pentru a-\u0163i trimite informa\u0163ii despre produse, servicii \u015fi promo\u0163ii referitoare la noi.<\/span><\/li><\/ul><h4><span style=\"color: #000000;\">4. Cum \u015fi cu cine schimb\u0103m informa\u0163ii despre tine<\/span><\/h4><p><span style=\"color: #000000;\">Este posibil s\u0103 \u00eemp\u0103rt\u0103\u015fim ter\u0163ilor informa\u0163ii cu caracter personal despre tine, cum ar fi date agregate \u015fi informa\u0163ii despre utilizarea serviciilor www.supergaz.ro. Putem, de asemenea, s\u0103 \u00eemp\u0103rt\u0103\u015fim informa\u0163iile despre tine, \u00een forma \u00een care le-am cules \u00een diverse formulare, conform prevederilor prezentei Politici de confiden\u0163ialitate \u015fi \u00een urm\u0103toarele situa\u0163ii, cu:<\/span><\/p><ul><li><span style=\"color: #000000;\">Registrul Auto Rom\u00e2n: suntem obliga\u0163i s\u0103 efectu\u0103m transmisii s\u0103pt\u0103m\u00e2nale c\u0103tre RAR cu datele de identificare ale autoturismelor pe care le aduce\u0163i \u00een cele 2 service-uri Supergaz la montaj.<\/span><\/li><li><span style=\"color: #000000;\">Re\u0163elele sociale: po\u0163i interac\u0163iona cu anumite facilit\u0103\u0163i ale serviciilor www.supergaz.ro care pot determina publicarea informa\u0163iilor tale personale (nume, prenume) \u00een re\u0163elele tale sociale. Astfel, anumite date personale colectate de www.supergaz.ro pot fi puse \u00een comun cu datele tale personale de pe re\u0163elele de socializare \u015fi pentru care \u00ee\u0163i dai dreptul de partajare. Re\u0163ine c\u0103 pagina de facebook Supergaz Rom\u00e2nia poate colecta informa\u0163ii despre tine, chiar dac\u0103 nu accesezi permanent acea pagin\u0103.<\/span><\/li><\/ul><h4><span style=\"color: #000000;\">5. Informa\u0163ii suplimentare privind cum \u015fi cu cine schimb\u0103m informa\u0163ii despre tine<\/span><\/h4><p><span style=\"color: #000000;\">Este posibil s\u0103 colabor\u0103m cu re\u0163ele ter\u0163e de publicitate \u015fi cu companii de studiul pie\u0163ei, pentru a-\u0163i prezenta reclame prin intermediul serviciilor online sau pentru a ne ajuta s\u0103 evalu\u0103m utilizarea serviciilor online, vizualizarea reclamelor \u015fi a altui tip de con\u0163inut. Aceste companii ter\u0163e pot vizualiza, edita sau seta propriile tehnologii \/ cookie-uri de urm\u0103rire, ceea ce le va permite s\u0103 colecteze informa\u0163ii despre modul \u00een care interac\u0163ionezi cu con\u0163inutul \u015fi publicitatea \u00een timp ce utilizezi serviciile www.supergaz.ro. Utilizarea acestor tehnologii de c\u0103tre ter\u0163e companii este supus\u0103 propriilor politici de confiden\u0163ialitate \u015fi nu este acoperit\u0103 de aceast\u0103 politic\u0103 de confiden\u0163ialitate.<\/span><\/p><h4><span style=\"color: #000000;\">6. Copii<\/span><\/h4><p><span style=\"color: #000000;\">Serviciile online nu sunt concepute sau destinate utilizarii de c\u0103tre copiii cu v\u00e2rsta sub 18 ani \u015fi, prin urmare, dac\u0103 ai sub 18 ani, te rug\u0103m s\u0103 nu utilizezi serviciile www.supergaz.ro, respectiv s\u0103 nu ne furnizezi informa\u0163ii cu caracter personal. Dac\u0103 descoperim c\u0103 am adunat din gre\u015feal\u0103 astfel de informa\u0163ii, atunci, \u00een m\u0103sura \u00een care legea solicit\u0103, vom \u015fterge aceste informa\u0163ii din eviden\u0163ele noastre. Dac\u0103 un p\u0103rinte sau tutore descoper\u0103 c\u0103 copilul sau persoana cu v\u00e2rsta de p\u00e2n\u0103 la 18 ani ne-a furnizat informa\u0163ii f\u0103r\u0103 consim\u0163\u0103m\u00e2ntul acestuia, el sau ea ar trebui s\u0103 ne contacteze la\u00a0<a style=\"color: #000000;\" href=\"mailto:alexandra.iancu@supergaz.ro\">alexandra.iancu@supergaz.ro<\/a>.<\/span><\/p><h4><span style=\"color: #000000;\">7. M\u0102SURILE LUATE PENTRU ASIGURAREA SECURIT\u0102\u0162II PRELUCR\u0102RII DATELOR PERSONALE<\/span><\/h4><p><span style=\"color: #000000;\">Te asigur\u0103m c\u0103 men\u0163inem at\u00e2t procedurile, c\u00e2t \u015fi normele tehnice\/de acces la serviciile www.supergaz.ro la un standard foarte \u00eenalt, cu scopul de a-\u0163i proteja datele cu caracter personal \u00eempotriva pierderii, utiliz\u0103rii incorecte sau accesului, dezv\u0103luirii, modific\u0103rii sau distrugerii neautorizate, date pe care le furnizezi prin intermediul serviciilor www.supergaz.ro. Din p\u0103cate, nici o transmitere a datelor nu este garantat\u0103 ca fiind 100% sigur\u0103. Este posibil ca ter\u0163e p\u0103r\u0163i, care nu sunt sub controlul nostru s\u0103 intercepteze sau s\u0103 acceseze \u00een mod ilegal transmisii sau comunica\u0163ii private. \u00cen consecin\u0163\u0103, orice transmitere a informa\u0163iilor cu privire la identitatea personal\u0103 se face pe cont propriu. Dac\u0103 sesizezi orice neregul\u0103 \u015fi consideri c\u0103 te putem ajuta, contacteaz\u0103-ne la\u00a0<a style=\"color: #000000;\" href=\"mailto:alexandra.iancu@supergaz.ro\">alexandra.iancu@supergaz.ro<\/a><\/span><br \/><span style=\"color: #000000;\">Informa\u0163iile pe care le colect\u0103m despre tine NU pot fi transferate sau salvate la destina\u0163ii din Uniunea European\u0103 sau din afara Uniunii Europene.<\/span><\/p><h4><span style=\"color: #000000;\">8. Drepturile \u015fi alegerile tale<\/span><\/h4><h4><span style=\"color: #000000;\">Preferin\u0163e de comunicare \u015fi op\u0163iuni de dezabonare<\/span><\/h4><p><span style=\"color: #000000;\">Ne po\u0163i solicita oric\u00e2nd s\u0103-\u0163i \u015ftergem datele personale la adresa de e-mail:\u00a0<a style=\"color: #000000;\" href=\"mailto:alexandra.iancu@supergaz.ro\">alexandra.iancu@supergaz.ro<\/a>.<\/span><\/p><h4><span style=\"color: #000000;\">Publicitate \/ cookie-uri \u015fi tehnologii similare<\/span><\/h4><p><span style=\"color: #000000;\">Pentru mai multe informa\u0163ii despre utilizarea cookie-urilor \u015fi a tehnologiilor similare \u00een serviciile noastre online consult\u0103 sec\u0163iunea destinat\u0103 utiliz\u0103rii cookie-urilor de pe site-ul www.supergaz.ro<\/span><\/p><h4><span style=\"color: #000000;\">P\u0103strarea \u015fi \u015ftergerea datelor<\/span><\/h4><p><span style=\"color: #000000;\">Putem p\u0103stra datele tale at\u00e2ta timp c\u00e2t ne solici\u0163i serviciile puse la dispozi\u0163ie prin Formularul de Contact de pe www.supergaz.ro c\u00e2t \u015fi atunci c\u00e2nd achizi\u0163ionezi instala\u0163ii GPL pe www.supergaz.ro dar \u015fi pentru un timp rezonabil ulterior. Dac\u0103 dore\u015fti s\u0103 le \u015ftergem, modific\u0103m sau actualiz\u0103m informa\u0163iile personale pe care le-ai furnizat prin intermediul website-ului www.supergaz.ro, ne po\u0163i contacta la\u00a0<a style=\"color: #000000;\" href=\"mailto:alexandra.iancu@supergaz.ro\">alexandra.iancu@supergaz.ro<\/a>\u00a0\u015fi \u00ee\u0163i vom r\u0103spunde \u00eentr-un termen rezonabil. Te rug\u0103m s\u0103 re\u0163ii c\u0103 unele sau toate aceste date pot fi necesare pentru transmisia la RAR \u015fi este posibil s\u0103 fim obliga\u0163i s\u0103 p\u0103str\u0103m anumite informa\u0163ii prin lege. \u00cen cazul prelucr\u0103rii datelor personale prin sisteme de supraveghere video, suntem obliga\u0163i de c\u0103tre RAR s\u0103 stoc\u0103m voce \u015fi imagine timp de 6 luni ulterior efectu\u0103rii Inspec\u0163iei Tehnice Periodice.<\/span><\/p><h4><span style=\"color: #000000;\">9. Acord pentru procesarea \u015fi transferul informa\u0163iilor despre tine<\/span><\/h4><p><span style=\"color: #000000;\">Produsele prezentate pe www.supergaz.ro sunt guvernate \u015fi operate \u00een conformitate cu legile din Rom\u00e2nia. www.supergaz.ro nu ofer\u0103 nicio garan\u0163ie c\u0103 Serviciile sale sunt guvernate sau operate \u00een conformitate cu legile oric\u0103rei alte \u0163\u0103ri.<\/span><br \/><span style=\"color: #000000;\">Dac\u0103 v\u0103 afla\u0163i \u00een afara Rom\u00e2niei, v\u0103 rug\u0103m s\u0103 fi\u0163i con\u015ftien\u0163i de faptul c\u0103 informa\u0163iile colectate, inclusiv informa\u0163iile cu caracter personal, pot fi transferate, procesate, stocate \u015fi utilizate \u00een Rom\u00e2nia. \u00cen conformitate cu legisla\u0163ia din Rom\u00e2nia, datele tale personale pot fi supuse solicit\u0103rilor de acces din partea Guvernului, Instan\u0163elor sau organelor de drept din Rom\u00e2nia.<\/span><\/p><p><span style=\"color: #000000;\">Trebuie s\u0103 cite\u015fti \u00eentotdeauna cu aten\u0163ie Politica de confiden\u0163ialitate a oric\u0103rui site sau a serviciilor pe care le accesa\u0163i, pentru a \u00een\u0163elege practicile de utilizare a informa\u0163iilor.<\/span><\/p><h4><span style=\"color: #000000;\">10. Actualizarea politicii privind confiden\u0163ialitatea datelor<\/span><\/h4><p><span style=\"color: #000000;\">Din c\u00e2nd \u00een c\u00e2nd, este posibil s\u0103 revizuim aceast\u0103 politic\u0103 de confiden\u0163ialitate. Dac\u0103 facem revizuiri \u00een ceea ce prive\u015fte modul \u00een care colect\u0103m sau folosim datele personale, te vom notifica cu privire la aceste modific\u0103ri prin:<\/span><\/p><ol><li><span style=\"color: #000000;\">anun\u0163area modific\u0103rii serviciilor pe www.supergaz.ro sau<\/span><\/li><li><span style=\"color: #000000;\">\u00eentreprinderea altor ac\u0163iuni, dup\u0103 cum consider\u0103m adecvate \u00een aceste circumstan\u0163e, incluz\u00e2nd, f\u0103r\u0103 limitare, publicarea online a versiunii revizuite a acestei Politici de confiden\u0163ialitate. Ar trebui s\u0103 verifici frecvent serviciile noastre pentru actualiz\u0103ri sau cel pu\u0163in atunci c\u00e2nd achizi\u0163ionezi o instala\u0163ie GPL de pe site.<\/span><\/li><\/ol><p><span style=\"color: #000000;\">Dac\u0103 nu e\u015fti de acord cu termenii acestei Politici de confiden\u0163ialitate, \u00een totalitate sau \u00een parte, te rug\u0103m s\u0103 \u00eentrerupi utilizarea Serviciile noastre online.<\/span><\/p><h4><span style=\"color: #000000;\">11. Contacteaz\u0103-ne<\/span><\/h4><p><span style=\"color: #000000;\">Pentru orice \u00eentreb\u0103ri legate de aceast\u0103 Politic\u0103 de confiden\u0163ialitate, te rug\u0103m s\u0103 ne contactezi la\u00a0<a style=\"color: #000000;\" href=\"mailto:alexandra.iancu@supergaz.ro\">alexandra.iancu@supergaz.ro<\/a>.<\/span><\/p>\t\t\t\t\t\t<\/div>\n\t\t\t\t<\/div>\n\t\t\t\t\t<\/div>\n\t\t<\/div>\n\t\t\t\t\t<\/div>\n\t\t<\/section>\n\t\t\t\t<\/div>\n\t\t","protected":false},"excerpt":{"rendered":"<p>1. Ce informa\u0163ii colect\u0103m despre tine Supergaz Autoservice prin intermediul www.supergaz.ro colecteaz\u0103 urm\u0103toarele informa\u0163ii despre clien\u0163i sau poten\u0163iali client: \u201eInforma\u0163ii cu caracter personal\u201d \u2013 acele informa\u0163ii care te pot identifica \u015fi pot include, de exemplu, numele \u015fi prenumele tale, adresa, num\u0103rul de telefon sau adresa de email. \u00cen cazul \u00een care ajungi \u00een service-ul Supergaz pentru efectuarea ITP-ul, suntem obliga\u0163i de c\u0103tre RAR ca dup\u0103 data de 20.05.2018 s\u0103 prelucr\u0103m[&hellip;]<\/p>\n","protected":false},"author":1,"featured_media":0,"parent":0,"menu_order":0,"comment_status":"closed","ping_status":"closed","template":"","meta":{"_acf_changed":false,"ngg_post_thumbnail":0,"footnotes":""},"class_list":["post-9068","page","type-page","status-publish","hentry"],"acf":[],"_links":{"self":[{"href":"https:\/\/pixelfy.ro\/gpl\/wp-json\/wp\/v2\/pages\/9068","targetHints":{"allow":["GET"]}}],"collection":[{"href":"https:\/\/pixelfy.ro\/gpl\/wp-json\/wp\/v2\/pages"}],"about":[{"href":"https:\/\/pixelfy.ro\/gpl\/wp-json\/wp\/v2\/types\/page"}],"author":[{"embeddable":true,"href":"https:\/\/pixelfy.ro\/gpl\/wp-json\/wp\/v2\/users\/1"}],"replies":[{"embeddable":true,"href":"https:\/\/pixelfy.ro\/gpl\/wp-json\/wp\/v2\/comments?post=9068"}],"version-history":[{"count":4,"href":"https:\/\/pixelfy.ro\/gpl\/wp-json\/wp\/v2\/pages\/9068\/revisions"}],"predecessor-version":[{"id":9072,"href":"https:\/\/pixelfy.ro\/gpl\/wp-json\/wp\/v2\/pages\/9068\/revisions\/9072"}],"wp:attachment":[{"href":"https:\/\/pixelfy.ro\/gpl\/wp-json\/wp\/v2\/media?parent=9068"}],"curies":[{"name":"wp","href":"https:\/\/api.w.org\/{rel}","templated":true}]}}