{"id":57,"date":"2020-06-03T09:25:39","date_gmt":"2020-06-03T09:25:39","guid":{"rendered":"https:\/\/karzo-demo.pbminfotech.com\/demo1\/?page_id=12842"},"modified":"2025-04-09T13:02:06","modified_gmt":"2025-04-09T13:02:06","slug":"contact-us","status":"publish","type":"page","link":"https:\/\/pixelfy.ro\/gpl\/contact-us\/","title":{"rendered":"Contact"},"content":{"rendered":"\t\t<div data-elementor-type=\"wp-page\" data-elementor-id=\"57\" class=\"elementor elementor-57\">\n\t\t\t\t\t\t<div class=\"elementor-section elementor-top-section elementor-element elementor-element-42f4240 dsvy-col-stretched-none dsvy-bg-color-over-image elementor-section-boxed elementor-section-height-default elementor-section-height-default\" data-id=\"42f4240\" data-element_type=\"section\">\n\t\t\t\t\t\t<div class=\"elementor-container elementor-column-gap-no\">\n\t\t\t\t\t<div class=\"elementor-column elementor-col-33 elementor-top-column elementor-element elementor-element-68e6c14 dsvy-bg-color-over-image\" data-id=\"68e6c14\" data-element_type=\"column\">\n\t\t\t<div class=\"elementor-widget-wrap elementor-element-populated\">\n\t\t\t\t\t\t<div class=\"elementor-element elementor-element-8456b59 elementor-widget elementor-widget-dsvy_icon_heading\" data-id=\"8456b59\" data-element_type=\"widget\" data-widget_type=\"dsvy_icon_heading.default\">\n\t\t\t\t<div class=\"elementor-widget-container\">\n\t\t\t<div class=\"dsvy-ihbox dsvy-ihbox-style-9\"><div class=\"dsvy-ihbox-box d-flex align-items-center\">\r\n\t<div class=\"dsvy-ihbox-icon\"><div class=\"dsvy-ihbox-icon-wrapper\"><i class=\"dsvy-karzo-icon dsvy-karzo-icon-placeholder\"><\/i><\/div><\/div>\t\r\n\t<div class=\"dsvy-ihbox-contents\">\t\r\n\t\t\t\r\n\t\t\t\t<div class=\"dsvy-heading-desc\"><a href=\"https:\/\/maps.google.com\/maps\/dir\/\/Supergaz-Instalatii+GPL+12+Str.+Macului+Centura+Bucure%C8%99ti+Chitila+077045\/@44.481063,25.9748133,10z\/data=!4m5!4m4!1m0!1m2!1m1!1s0x40b203f2ecfd6897:0x4decb1bc038d15fe\" target=\"_blank\">Strada Macului nr. 12, Chitila\n<\/a>\n<\/div>\t\t\t<\/div><!-- .dsvy-ihbox-contents -->\r\n<\/div>\r\n\r\n<\/div>\t\t<\/div>\n\t\t\t\t<\/div>\n\t\t\t\t\t<\/div>\n\t\t<\/div>\n\t\t\t\t<div class=\"elementor-column elementor-col-33 elementor-top-column elementor-element elementor-element-e4d8a9b dsvy-bg-color-over-image\" data-id=\"e4d8a9b\" data-element_type=\"column\">\n\t\t\t<div class=\"elementor-widget-wrap elementor-element-populated\">\n\t\t\t\t\t\t<div class=\"elementor-element elementor-element-ef47cc9 elementor-widget elementor-widget-dsvy_icon_heading\" data-id=\"ef47cc9\" data-element_type=\"widget\" data-widget_type=\"dsvy_icon_heading.default\">\n\t\t\t\t<div class=\"elementor-widget-container\">\n\t\t\t<div class=\"dsvy-ihbox dsvy-ihbox-style-9\"><div class=\"dsvy-ihbox-box d-flex align-items-center\">\r\n\t<div class=\"dsvy-ihbox-icon\"><div class=\"dsvy-ihbox-icon-wrapper\"><i class=\"dsvy-karzo-icon dsvy-karzo-icon-telephone\"><\/i><\/div><\/div>\t\r\n\t<div class=\"dsvy-ihbox-contents\">\t\r\n\t\t\t\r\n\t\t\t\t<div class=\"dsvy-heading-desc\"><a href=\"tel:+40 727 085 899\">+40 727 085 899<\/a><\/div>\t\t\t<\/div><!-- .dsvy-ihbox-contents -->\r\n<\/div>\r\n\r\n<\/div>\t\t<\/div>\n\t\t\t\t<\/div>\n\t\t\t\t\t<\/div>\n\t\t<\/div>\n\t\t\t\t<div class=\"elementor-column elementor-col-33 elementor-top-column elementor-element elementor-element-94d1c49 dsvy-bg-color-over-image\" data-id=\"94d1c49\" data-element_type=\"column\">\n\t\t\t<div class=\"elementor-widget-wrap elementor-element-populated\">\n\t\t\t\t\t\t<div class=\"elementor-element elementor-element-96f86d1 elementor-widget elementor-widget-dsvy_icon_heading\" data-id=\"96f86d1\" data-element_type=\"widget\" data-widget_type=\"dsvy_icon_heading.default\">\n\t\t\t\t<div class=\"elementor-widget-container\">\n\t\t\t<div class=\"dsvy-ihbox dsvy-ihbox-style-9\"><div class=\"dsvy-ihbox-box d-flex align-items-center\">\r\n\t<div class=\"dsvy-ihbox-icon\"><div class=\"dsvy-ihbox-icon-wrapper\"><i class=\"dsvy-karzo-icon dsvy-karzo-icon-mail-send\"><\/i><\/div><\/div>\t\r\n\t<div class=\"dsvy-ihbox-contents\">\t\r\n\t\t\t\r\n\t\t\t\t<div class=\"dsvy-heading-desc\"><a href=\"mailto:alexandra.iancu@supergaz.ro\">alexandra.iancu@supergaz.ro<\/a>\n<\/div>\t\t\t<\/div><!-- .dsvy-ihbox-contents -->\r\n<\/div>\r\n\r\n<\/div>\t\t<\/div>\n\t\t\t\t<\/div>\n\t\t\t\t\t<\/div>\n\t\t<\/div>\n\t\t\t\t\t<\/div>\n\t\t<\/div>\n\t\t\t\t<div class=\"elementor-section elementor-top-section elementor-element elementor-element-29d4a90 dsvy-col-stretched-none dsvy-bg-color-over-image elementor-section-boxed elementor-section-height-default elementor-section-height-default\" data-id=\"29d4a90\" data-element_type=\"section\">\n\t\t\t\t\t\t<div class=\"elementor-container elementor-column-gap-no\">\n\t\t\t\t\t<div class=\"elementor-column elementor-col-100 elementor-top-column elementor-element elementor-element-1fec74c dsvy-bg-color-over-image\" data-id=\"1fec74c\" data-element_type=\"column\">\n\t\t\t<div class=\"elementor-widget-wrap elementor-element-populated\">\n\t\t\t\t\t\t<section class=\"elementor-section elementor-inner-section elementor-element elementor-element-3243ede dsvy-col-stretched-none dsvy-bg-color-over-image elementor-section-boxed elementor-section-height-default elementor-section-height-default\" data-id=\"3243ede\" data-element_type=\"section\">\n\t\t\t\t\t\t<div class=\"elementor-container elementor-column-gap-no\">\n\t\t\t\t\t<div class=\"elementor-column elementor-col-100 elementor-inner-column elementor-element elementor-element-0ed70b8 dsvy-bg-color-over-image\" data-id=\"0ed70b8\" data-element_type=\"column\">\n\t\t\t<div class=\"elementor-widget-wrap elementor-element-populated\">\n\t\t\t\t\t\t<div class=\"elementor-element elementor-element-f333dd6 elementor-widget elementor-widget-text-editor\" data-id=\"f333dd6\" data-element_type=\"widget\" data-widget_type=\"text-editor.default\">\n\t\t\t\t<div class=\"elementor-widget-container\">\n\t\t\t\t\t\t\t<p><span style=\"color: #000000;\">Folositi formularul de contact Supergaz daca doriti sa ne transmiteti mesajele dumneavoastra. De asemenea, va stam la dispozitie cu informatiile de care aveti nevoie pentru a alege instalatia GPL potrivita.<\/span><\/p><p><span style=\"color: #000000;\">Prin acest mod de comunicare, va oferim informatii generale referitoare la functionarea instalatiilor GPL. Pentru mai multe detalii va rugam sa veniti in unul dintre service-urile partenere. Ne rezervam dreptul de a nu raspunde mesajelor ce contin informatii false, injurii sau care se identifica prin porecle, abrevieri si formulari neserioase si in care se foloseste un limbaj neadecvat insulte, injurii etc. De asemenea, vom incerca sa va raspundem in cat mai scurt timp posibil, in ordinea in care vom primi solicitarile.<\/span><\/p><p><span style=\"color: #000000;\">Pentru a ne contacta, va rugam completati campurile de mai jos. Toate campurile sunt obligatorii. E-mailurile anonime sau cele \u00een care nu sunt trecute datele de contact ale persoanei nu se iau \u00een considerare \u015fi se arhiveaza. Inainte de a trimite formularul, verificati corectitudinea datelor de contact. Completarea incorecta a acestora face imposibila comunicarea noastra cu dumneavoastra. Prin trimiterea mesajului sunteti de acord cu termenii si conditiile publicate pe site-ul pixelfy.ro\/gpl.<\/span><\/p>\t\t\t\t\t\t<\/div>\n\t\t\t\t<\/div>\n\t\t\t\t\t<\/div>\n\t\t<\/div>\n\t\t\t\t\t<\/div>\n\t\t<\/section>\n\t\t\t\t<div class=\"elementor-section elementor-inner-section elementor-element elementor-element-3cbb113 dsvy-col-stretched-none dsvy-bg-color-over-image elementor-section-boxed elementor-section-height-default elementor-section-height-default\" data-id=\"3cbb113\" data-element_type=\"section\">\n\t\t\t\t\t\t<div class=\"elementor-container elementor-column-gap-no\">\n\t\t\t\t\t<div class=\"elementor-column elementor-col-50 elementor-inner-column elementor-element elementor-element-0ad442e dsvy-bg-color-yes dsvy-elementor-bg-color-light dsvy-bg-color-over-image\" data-id=\"0ad442e\" data-element_type=\"column\">\n\t\t\t<div class=\"elementor-widget-wrap elementor-element-populated\">\n\t\t\t\t\t\t<div class=\"elementor-element elementor-element-3fc4b1c elementor-widget elementor-widget-shortcode\" data-id=\"3fc4b1c\" data-element_type=\"widget\" data-widget_type=\"shortcode.default\">\n\t\t\t\t<div class=\"elementor-widget-container\">\n\t\t\t\t\t<div class=\"elementor-shortcode\"><div class='fluentform ff-default fluentform_wrapper_3 ffs_default_wrap'><form data-form_id=\"3\" id=\"fluentform_3\" class=\"frm-fluent-form fluent_form_3 ff-el-form-top ff_form_instance_3_1 ff-form-loading ffs_default\" data-form_instance=\"ff_form_instance_3_1\" method=\"POST\" ><fieldset  style=\"border: none!important;margin: 0!important;padding: 0!important;background-color: transparent!important;box-shadow: none!important;outline: none!important; min-inline-size: 100%;\">\n                    <legend class=\"ff_screen_reader_title\" style=\"display: block; margin: 0!important;padding: 0!important;height: 0!important;text-indent: -999999px;width: 0!important;overflow:hidden;\">Contact Form Demo (#3)<\/legend>        <div\n                style=\"display: none!important; position: absolute!important; transform: translateX(1000%)!important;\"\n                class=\"ff-el-group ff-hpsf-container\"\n        >\n            <div class=\"ff-el-input--label asterisk-right\">\n                <label for=\"ff_3_item_sf\" aria-label=\"Updates\">\n                    Updates                <\/label>\n            <\/div>\n            <div class=\"ff-el-input--content\">\n                <input type=\"text\"\n                       name=\"item_3__fluent_sf\"\n                       class=\"ff-el-form-control\"\n                       id=\"ff_3_item_sf\"\n                \/>\n            <\/div>\n        <\/div>\n        <input type='hidden' name='__fluent_form_embded_post_id' value='57' \/><input type=\"hidden\" id=\"_fluentform_3_fluentformnonce\" name=\"_fluentform_3_fluentformnonce\" value=\"454d2a2659\" \/><input type=\"hidden\" name=\"_wp_http_referer\" value=\"\/gpl\/wp-json\/wp\/v2\/pages\/57\" \/><div data-type=\"name-element\" data-name=\"names\" class=\" ff-field_container ff-name-field-wrapper\" ><div class='ff-t-container'><div class='ff-t-cell '><div class='ff-el-group'><div class=\"ff-el-input--label ff-el-is-required asterisk-right\"><label for='ff_3_names_first_name_' >Nume<\/label><\/div><div class='ff-el-input--content'><input type=\"text\" name=\"names[first_name]\" id=\"ff_3_names_first_name_\" class=\"ff-el-form-control\" placeholder=\"Nume\" aria-invalid=\"false\" aria-required=true><\/div><\/div><\/div><\/div><\/div><div class='ff-el-group'><div class=\"ff-el-input--label ff-el-is-required asterisk-right\"><label for='ff_3_email' aria-label=\"Email\">Email<\/label><\/div><div class='ff-el-input--content'><input type=\"email\" name=\"email\" id=\"ff_3_email\" class=\"ff-el-form-control\" placeholder=\"Adresa de email\" data-name=\"email\"  aria-invalid=\"false\" aria-required=true><\/div><\/div><div class='ff-el-group'><div class=\"ff-el-input--label ff-el-is-required asterisk-right\"><label for='ff_3_subject' aria-label=\"Telefon\">Telefon<\/label><\/div><div class='ff-el-input--content'><input type=\"text\" name=\"subject\" class=\"ff-el-form-control\" placeholder=\"Introduceti numarul de telefon\" data-name=\"subject\" id=\"ff_3_subject\"  aria-invalid=\"false\" aria-required=true><\/div><\/div><div class='ff-el-group'><div class=\"ff-el-input--label asterisk-right\"><label for='ff_3_message' aria-label=\"Mesajul dvs.\">Mesajul dvs.<\/label><\/div><div class='ff-el-input--content'><textarea aria-invalid=\"false\" aria-required=false name=\"message\" id=\"ff_3_message\" class=\"ff-el-form-control\" placeholder=\"Introduceti mesajul dvs...\" rows=\"4\" cols=\"2\" data-name=\"message\" ><\/textarea><\/div><\/div><div class='ff-el-group'><div class='ff-el-input--content'><div class='ff-el-form-check ff-el-form-check-'><label class='ff-el-form-check-label' for=checkbox_8bad917fc7355ec624b23a961dae1d7e><input  type=\"checkbox\" name=\"checkbox[]\" data-name=\"checkbox\" class=\"ff-el-form-check-input ff-el-form-check-checkbox\" value=\"Prin utilizarea acestui formular sunteti de acord cu stocarea si manipularea datelor dvs. pe acest site web.\"  id='checkbox_8bad917fc7355ec624b23a961dae1d7e' aria-label='Prin utilizarea acestui formular sunteti de acord cu stocarea si manipularea datelor dvs. pe acest site web.' aria-invalid='false' aria-required=true> <span>Prin utilizarea acestui formular sunteti de acord cu stocarea si manipularea datelor dvs. pe acest site web.<\/span><\/label><\/div><\/div><\/div><div class='ff-el-group ff-text-left ff_submit_btn_wrapper'><button type=\"submit\" class=\"ff-btn ff-btn-submit ff-btn-md ff_btn_style\" >Trimite<\/button><\/div><\/fieldset><\/form><div id='fluentform_3_errors' class='ff-errors-in-stack ff_form_instance_3_1 ff-form-loading_errors ff_form_instance_3_1_errors'><\/div><\/div>        <script type=\"text\/javascript\">\n            window.fluent_form_ff_form_instance_3_1 = {\"id\":\"3\",\"settings\":{\"layout\":{\"labelPlacement\":\"top\",\"asteriskPlacement\":\"asterisk-right\",\"helpMessagePlacement\":\"with_label\",\"errorMessagePlacement\":\"inline\",\"cssClassName\":\"\"},\"restrictions\":{\"denyEmptySubmission\":{\"enabled\":false}}},\"form_instance\":\"ff_form_instance_3_1\",\"form_id_selector\":\"fluentform_3\",\"rules\":{\"names[first_name]\":{\"required\":{\"value\":true,\"message\":\"Camp obligatoriu\",\"global\":true,\"global_message\":\"This field is required\"}},\"names[middle_name]\":{\"required\":{\"value\":false,\"message\":\"Camp obligatoriu\",\"global\":true,\"global_message\":\"This field is required\"}},\"names[last_name]\":{\"required\":{\"value\":false,\"message\":\"Camp obligatoriu\",\"global\":true,\"global_message\":\"This field is required\"}},\"email\":{\"required\":{\"value\":true,\"message\":\"Camp obligatoriu\",\"global\":true,\"global_message\":\"This field is required\"},\"email\":{\"value\":true,\"message\":\"This field must contain a valid email\",\"global\":true,\"global_message\":\"This field must contain a valid email\"}},\"subject\":{\"required\":{\"value\":true,\"message\":\"Camp obligatoriu\",\"global\":true,\"global_message\":\"This field is required\"}},\"message\":{\"required\":{\"value\":false,\"message\":\"Camp obligatoriu\",\"global\":true,\"global_message\":\"This field is required\"}},\"checkbox\":{\"required\":{\"value\":true,\"message\":\"Camp necesar.\",\"global_message\":\"This field is required\",\"global\":false}}},\"debounce_time\":300};\n                    <\/script>\n        <\/div>\n\t\t\t\t<\/div>\n\t\t\t\t<\/div>\n\t\t\t\t\t<\/div>\n\t\t<\/div>\n\t\t\t\t<div class=\"elementor-column elementor-col-50 elementor-inner-column elementor-element elementor-element-3b797c1 dsvy-bg-color-over-image\" data-id=\"3b797c1\" data-element_type=\"column\">\n\t\t\t<div class=\"elementor-widget-wrap elementor-element-populated\">\n\t\t\t\t\t\t<div class=\"elementor-element elementor-element-72110c0 elementor-widget elementor-widget-google_maps\" data-id=\"72110c0\" data-element_type=\"widget\" data-widget_type=\"google_maps.default\">\n\t\t\t\t<div class=\"elementor-widget-container\">\n\t\t\t\t\t<div class=\"elementor-custom-embed\">\n\t\t\t<iframe loading=\"lazy\"\n\t\t\t\t\tsrc=\"https:\/\/maps.google.com\/maps?q=supergaz&#038;t=m&#038;z=10&#038;output=embed&#038;iwloc=near\"\n\t\t\t\t\ttitle=\"supergaz\"\n\t\t\t\t\taria-label=\"supergaz\"\n\t\t\t><\/iframe>\n\t\t<\/div>\n\t\t\t\t<\/div>\n\t\t\t\t<\/div>\n\t\t\t\t\t<\/div>\n\t\t<\/div>\n\t\t\t\t\t<\/div>\n\t\t<\/div>\n\t\t\t\t\t<\/div>\n\t\t<\/div>\n\t\t\t\t\t<\/div>\n\t\t<\/div>\n\t\t\t\t<\/div>\n\t\t","protected":false},"excerpt":{"rendered":"<p>Strada Macului nr. 12, Chitila +40 727 085 899 alexandra.iancu@supergaz.ro Folositi formularul de contact Supergaz daca doriti sa ne transmiteti mesajele dumneavoastra. De asemenea, va stam la dispozitie cu informatiile de care aveti nevoie pentru a alege instalatia GPL potrivita. Prin acest mod de comunicare, va oferim informatii generale referitoare la functionarea instalatiilor GPL. Pentru mai multe detalii va rugam sa veniti in unul dintre service-urile partenere. Ne rezervam dreptul[&hellip;]<\/p>\n","protected":false},"author":1,"featured_media":0,"parent":0,"menu_order":20,"comment_status":"closed","ping_status":"closed","template":"","meta":{"_acf_changed":false,"ngg_post_thumbnail":0,"footnotes":""},"class_list":["post-57","page","type-page","status-publish","hentry"],"acf":[],"_links":{"self":[{"href":"https:\/\/pixelfy.ro\/gpl\/wp-json\/wp\/v2\/pages\/57","targetHints":{"allow":["GET"]}}],"collection":[{"href":"https:\/\/pixelfy.ro\/gpl\/wp-json\/wp\/v2\/pages"}],"about":[{"href":"https:\/\/pixelfy.ro\/gpl\/wp-json\/wp\/v2\/types\/page"}],"author":[{"embeddable":true,"href":"https:\/\/pixelfy.ro\/gpl\/wp-json\/wp\/v2\/users\/1"}],"replies":[{"embeddable":true,"href":"https:\/\/pixelfy.ro\/gpl\/wp-json\/wp\/v2\/comments?post=57"}],"version-history":[{"count":33,"href":"https:\/\/pixelfy.ro\/gpl\/wp-json\/wp\/v2\/pages\/57\/revisions"}],"predecessor-version":[{"id":9986,"href":"https:\/\/pixelfy.ro\/gpl\/wp-json\/wp\/v2\/pages\/57\/revisions\/9986"}],"wp:attachment":[{"href":"https:\/\/pixelfy.ro\/gpl\/wp-json\/wp\/v2\/media?parent=57"}],"curies":[{"name":"wp","href":"https:\/\/api.w.org\/{rel}","templated":true}]}}